{"id":67,"date":"2025-02-15T18:31:08","date_gmt":"2025-02-15T17:31:08","guid":{"rendered":"https:\/\/azure-ivy.vifjane.ch\/?page_id=67"},"modified":"2025-08-17T17:53:11","modified_gmt":"2025-08-17T15:53:11","slug":"about","status":"publish","type":"page","link":"https:\/\/azure-ivy.vifjane.ch\/en\/about\/","title":{"rendered":"About"},"content":{"rendered":"<h2 class=\"wp-block-heading\">\u00dcber mich<\/h2>\n\n\n\n<div class=\"wp-block-columns is-layout-flex wp-container-core-columns-is-layout-9d6595d7 wp-block-columns-is-layout-flex\">\n<div class=\"wp-block-column is-layout-flow wp-block-column-is-layout-flow\">\n<p>Reisen bedeutet f\u00fcr mich mehr als nur unterwegs sein \u2013 es ist meine Art, die Welt zu verstehen. Ich liebe es, neue Orte zu entdecken, Kulturen zu erleben und die kleinen, oft unscheinbaren Momente unterwegs festzuhalten. Am liebsten plane ich meine Reisen selbst, fernab vom Massentourismus, mit viel Raum f\u00fcr Spontanit\u00e4t und echte Begegnungen.<\/p>\n\n\n\n<p>Mein Herz schl\u00e4gt f\u00fcr individuelle Unterk\u00fcnfte mit Charme, gutes Essen, Naturerlebnisse und Orte, die Geschichten erz\u00e4hlen. Ob Sonnenaufgang auf dem Vulkan, Streetfood in Asien oder ein stiller See in Skandinavien \u2013 f\u00fcr mich liegt die Magie des Reisens oft in den Details.\u202f<\/p>\n\n\n\n<p>Mit diesem Blog m\u00f6chte ich nicht nur meine sch\u00f6nsten Erlebnisse teilen, sondern auch inspirieren \u2013 f\u00fcr authentisches Reisen, f\u00fcr Neugier, f\u00fcrs Losziehen. F\u00fcr alle, die mit offenen Augen und offenem Herzen unterwegs sein wollen.<\/p>\n<\/div>\n\n\n\n<div class=\"wp-block-column is-layout-flow wp-block-column-is-layout-flow\">\n<figure class=\"wp-block-image size-large\"><img loading=\"lazy\" decoding=\"async\" width=\"683\" height=\"1024\" src=\"https:\/\/azure-ivy.vifjane.ch\/wp-content\/uploads\/2025\/02\/3-wochen-reiseroute-uluwatu-2-683x1024.jpg\" alt=\"\" class=\"wp-image-35\" srcset=\"https:\/\/azure-ivy.vifjane.ch\/wp-content\/uploads\/2025\/02\/3-wochen-reiseroute-uluwatu-2-683x1024.jpg 683w, https:\/\/azure-ivy.vifjane.ch\/wp-content\/uploads\/2025\/02\/3-wochen-reiseroute-uluwatu-2-200x300.jpg 200w, https:\/\/azure-ivy.vifjane.ch\/wp-content\/uploads\/2025\/02\/3-wochen-reiseroute-uluwatu-2-768x1152.jpg 768w, https:\/\/azure-ivy.vifjane.ch\/wp-content\/uploads\/2025\/02\/3-wochen-reiseroute-uluwatu-2-1024x1536.jpg 1024w, https:\/\/azure-ivy.vifjane.ch\/wp-content\/uploads\/2025\/02\/3-wochen-reiseroute-uluwatu-2-1366x2048.jpg 1366w, https:\/\/azure-ivy.vifjane.ch\/wp-content\/uploads\/2025\/02\/3-wochen-reiseroute-uluwatu-2.jpg 1707w\" sizes=\"auto, (max-width: 683px) 100vw, 683px\" \/><\/figure>\n<\/div>\n<\/div>","protected":false},"excerpt":{"rendered":"<p>\u00dcber mich Reisen bedeutet f\u00fcr mich mehr als nur unterwegs sein \u2013 es ist meine Art, die Welt zu verstehen. Ich liebe es, neue Orte zu entdecken, Kulturen zu erleben und die kleinen, oft unscheinbaren Momente unterwegs festzuhalten. Am liebsten plane ich meine Reisen selbst, fernab vom Massentourismus, mit viel Raum f\u00fcr Spontanit\u00e4t und echte [&hellip;]<\/p>","protected":false},"author":1,"featured_media":133,"parent":0,"menu_order":0,"comment_status":"closed","ping_status":"closed","template":"","meta":{"_acf_changed":false,"footnotes":""},"class_list":["post-67","page","type-page","status-publish","has-post-thumbnail","hentry"],"acf":[],"yoast_head":"<!-- This site is optimized with the Yoast SEO plugin v25.7 - https:\/\/yoast.com\/wordpress\/plugins\/seo\/ -->\n<title>About - Azure Ivy<\/title>\n<meta name=\"robots\" content=\"index, follow, max-snippet:-1, max-image-preview:large, max-video-preview:-1\" \/>\n<link rel=\"canonical\" href=\"https:\/\/azure-ivy.vifjane.ch\/en\/about\/\" \/>\n<meta property=\"og:locale\" content=\"en_GB\" \/>\n<meta property=\"og:type\" content=\"article\" \/>\n<meta property=\"og:title\" content=\"About - Azure Ivy\" \/>\n<meta property=\"og:description\" content=\"\u00dcber mich Reisen bedeutet f\u00fcr mich mehr als nur unterwegs sein \u2013 es ist meine Art, die Welt zu verstehen. Ich liebe es, neue Orte zu entdecken, Kulturen zu erleben und die kleinen, oft unscheinbaren Momente unterwegs festzuhalten. Am liebsten plane ich meine Reisen selbst, fernab vom Massentourismus, mit viel Raum f\u00fcr Spontanit\u00e4t und echte [&hellip;]\" \/>\n<meta property=\"og:url\" content=\"https:\/\/azure-ivy.vifjane.ch\/en\/about\/\" \/>\n<meta property=\"og:site_name\" content=\"Azure Ivy\" \/>\n<meta property=\"article:modified_time\" content=\"2025-08-17T15:53:11+00:00\" \/>\n<meta property=\"og:image\" content=\"https:\/\/azure-ivy.vifjane.ch\/wp-content\/uploads\/2025\/02\/bali-wasserfall.jpg\" \/>\n\t<meta property=\"og:image:width\" content=\"2560\" \/>\n\t<meta property=\"og:image:height\" content=\"1707\" \/>\n\t<meta property=\"og:image:type\" content=\"image\/jpeg\" \/>\n<meta name=\"twitter:card\" content=\"summary_large_image\" \/>\n<meta name=\"twitter:label1\" content=\"Estimated reading time\" \/>\n\t<meta name=\"twitter:data1\" content=\"2 minutes\" \/>\n<script type=\"application\/ld+json\" class=\"yoast-schema-graph\">{\"@context\":\"https:\/\/schema.org\",\"@graph\":[{\"@type\":\"WebPage\",\"@id\":\"https:\/\/azure-ivy.vifjane.ch\/about\/\",\"url\":\"https:\/\/azure-ivy.vifjane.ch\/about\/\",\"name\":\"About - Azure Ivy\",\"isPartOf\":{\"@id\":\"https:\/\/azure-ivy.vifjane.ch\/#website\"},\"primaryImageOfPage\":{\"@id\":\"https:\/\/azure-ivy.vifjane.ch\/about\/#primaryimage\"},\"image\":{\"@id\":\"https:\/\/azure-ivy.vifjane.ch\/about\/#primaryimage\"},\"thumbnailUrl\":\"https:\/\/azure-ivy.vifjane.ch\/wp-content\/uploads\/2025\/02\/bali-wasserfall.jpg\",\"datePublished\":\"2025-02-15T17:31:08+00:00\",\"dateModified\":\"2025-08-17T15:53:11+00:00\",\"breadcrumb\":{\"@id\":\"https:\/\/azure-ivy.vifjane.ch\/about\/#breadcrumb\"},\"inLanguage\":\"en-GB\",\"potentialAction\":[{\"@type\":\"ReadAction\",\"target\":[\"https:\/\/azure-ivy.vifjane.ch\/about\/\"]}]},{\"@type\":\"ImageObject\",\"inLanguage\":\"en-GB\",\"@id\":\"https:\/\/azure-ivy.vifjane.ch\/about\/#primaryimage\",\"url\":\"https:\/\/azure-ivy.vifjane.ch\/wp-content\/uploads\/2025\/02\/bali-wasserfall.jpg\",\"contentUrl\":\"https:\/\/azure-ivy.vifjane.ch\/wp-content\/uploads\/2025\/02\/bali-wasserfall.jpg\",\"width\":2560,\"height\":1707},{\"@type\":\"BreadcrumbList\",\"@id\":\"https:\/\/azure-ivy.vifjane.ch\/about\/#breadcrumb\",\"itemListElement\":[{\"@type\":\"ListItem\",\"position\":1,\"name\":\"Startseite\",\"item\":\"https:\/\/azure-ivy.vifjane.ch\/\"},{\"@type\":\"ListItem\",\"position\":2,\"name\":\"About\"}]},{\"@type\":\"WebSite\",\"@id\":\"https:\/\/azure-ivy.vifjane.ch\/#website\",\"url\":\"https:\/\/azure-ivy.vifjane.ch\/\",\"name\":\"Travelblog Azure & Ivy\",\"description\":\"\",\"publisher\":{\"@id\":\"https:\/\/azure-ivy.vifjane.ch\/#organization\"},\"potentialAction\":[{\"@type\":\"SearchAction\",\"target\":{\"@type\":\"EntryPoint\",\"urlTemplate\":\"https:\/\/azure-ivy.vifjane.ch\/?s={search_term_string}\"},\"query-input\":{\"@type\":\"PropertyValueSpecification\",\"valueRequired\":true,\"valueName\":\"search_term_string\"}}],\"inLanguage\":\"en-GB\"},{\"@type\":\"Organization\",\"@id\":\"https:\/\/azure-ivy.vifjane.ch\/#organization\",\"name\":\"Azure & Ivy\",\"url\":\"https:\/\/azure-ivy.vifjane.ch\/\",\"logo\":{\"@type\":\"ImageObject\",\"inLanguage\":\"en-GB\",\"@id\":\"https:\/\/azure-ivy.vifjane.ch\/#\/schema\/logo\/image\/\",\"url\":\"https:\/\/azure-ivy.vifjane.ch\/wp-content\/uploads\/2025\/08\/AzureIvy_Logo_black.png\",\"contentUrl\":\"https:\/\/azure-ivy.vifjane.ch\/wp-content\/uploads\/2025\/08\/AzureIvy_Logo_black.png\",\"width\":512,\"height\":512,\"caption\":\"Azure & Ivy\"},\"image\":{\"@id\":\"https:\/\/azure-ivy.vifjane.ch\/#\/schema\/logo\/image\/\"},\"sameAs\":[\"https:\/\/www.instagram.com\/vifjane\/\"]}]}<\/script>\n<!-- \/ Yoast SEO plugin. -->","yoast_head_json":{"title":"About - Azure Ivy","robots":{"index":"index","follow":"follow","max-snippet":"max-snippet:-1","max-image-preview":"max-image-preview:large","max-video-preview":"max-video-preview:-1"},"canonical":"https:\/\/azure-ivy.vifjane.ch\/en\/about\/","og_locale":"en_GB","og_type":"article","og_title":"About - Azure Ivy","og_description":"\u00dcber mich Reisen bedeutet f\u00fcr mich mehr als nur unterwegs sein \u2013 es ist meine Art, die Welt zu verstehen. Ich liebe es, neue Orte zu entdecken, Kulturen zu erleben und die kleinen, oft unscheinbaren Momente unterwegs festzuhalten. Am liebsten plane ich meine Reisen selbst, fernab vom Massentourismus, mit viel Raum f\u00fcr Spontanit\u00e4t und echte [&hellip;]","og_url":"https:\/\/azure-ivy.vifjane.ch\/en\/about\/","og_site_name":"Azure Ivy","article_modified_time":"2025-08-17T15:53:11+00:00","og_image":[{"width":2560,"height":1707,"url":"https:\/\/azure-ivy.vifjane.ch\/wp-content\/uploads\/2025\/02\/bali-wasserfall.jpg","type":"image\/jpeg"}],"twitter_card":"summary_large_image","twitter_misc":{"Estimated reading time":"2 minutes"},"schema":{"@context":"https:\/\/schema.org","@graph":[{"@type":"WebPage","@id":"https:\/\/azure-ivy.vifjane.ch\/about\/","url":"https:\/\/azure-ivy.vifjane.ch\/about\/","name":"About - Azure Ivy","isPartOf":{"@id":"https:\/\/azure-ivy.vifjane.ch\/#website"},"primaryImageOfPage":{"@id":"https:\/\/azure-ivy.vifjane.ch\/about\/#primaryimage"},"image":{"@id":"https:\/\/azure-ivy.vifjane.ch\/about\/#primaryimage"},"thumbnailUrl":"https:\/\/azure-ivy.vifjane.ch\/wp-content\/uploads\/2025\/02\/bali-wasserfall.jpg","datePublished":"2025-02-15T17:31:08+00:00","dateModified":"2025-08-17T15:53:11+00:00","breadcrumb":{"@id":"https:\/\/azure-ivy.vifjane.ch\/about\/#breadcrumb"},"inLanguage":"en-GB","potentialAction":[{"@type":"ReadAction","target":["https:\/\/azure-ivy.vifjane.ch\/about\/"]}]},{"@type":"ImageObject","inLanguage":"en-GB","@id":"https:\/\/azure-ivy.vifjane.ch\/about\/#primaryimage","url":"https:\/\/azure-ivy.vifjane.ch\/wp-content\/uploads\/2025\/02\/bali-wasserfall.jpg","contentUrl":"https:\/\/azure-ivy.vifjane.ch\/wp-content\/uploads\/2025\/02\/bali-wasserfall.jpg","width":2560,"height":1707},{"@type":"BreadcrumbList","@id":"https:\/\/azure-ivy.vifjane.ch\/about\/#breadcrumb","itemListElement":[{"@type":"ListItem","position":1,"name":"Startseite","item":"https:\/\/azure-ivy.vifjane.ch\/"},{"@type":"ListItem","position":2,"name":"About"}]},{"@type":"WebSite","@id":"https:\/\/azure-ivy.vifjane.ch\/#website","url":"https:\/\/azure-ivy.vifjane.ch\/","name":"Travelblog Azure & Ivy","description":"","publisher":{"@id":"https:\/\/azure-ivy.vifjane.ch\/#organization"},"potentialAction":[{"@type":"SearchAction","target":{"@type":"EntryPoint","urlTemplate":"https:\/\/azure-ivy.vifjane.ch\/?s={search_term_string}"},"query-input":{"@type":"PropertyValueSpecification","valueRequired":true,"valueName":"search_term_string"}}],"inLanguage":"en-GB"},{"@type":"Organization","@id":"https:\/\/azure-ivy.vifjane.ch\/#organization","name":"Azure & Ivy","url":"https:\/\/azure-ivy.vifjane.ch\/","logo":{"@type":"ImageObject","inLanguage":"en-GB","@id":"https:\/\/azure-ivy.vifjane.ch\/#\/schema\/logo\/image\/","url":"https:\/\/azure-ivy.vifjane.ch\/wp-content\/uploads\/2025\/08\/AzureIvy_Logo_black.png","contentUrl":"https:\/\/azure-ivy.vifjane.ch\/wp-content\/uploads\/2025\/08\/AzureIvy_Logo_black.png","width":512,"height":512,"caption":"Azure & Ivy"},"image":{"@id":"https:\/\/azure-ivy.vifjane.ch\/#\/schema\/logo\/image\/"},"sameAs":["https:\/\/www.instagram.com\/vifjane\/"]}]}},"_links":{"self":[{"href":"https:\/\/azure-ivy.vifjane.ch\/en\/wp-json\/wp\/v2\/pages\/67","targetHints":{"allow":["GET"]}}],"collection":[{"href":"https:\/\/azure-ivy.vifjane.ch\/en\/wp-json\/wp\/v2\/pages"}],"about":[{"href":"https:\/\/azure-ivy.vifjane.ch\/en\/wp-json\/wp\/v2\/types\/page"}],"author":[{"embeddable":true,"href":"https:\/\/azure-ivy.vifjane.ch\/en\/wp-json\/wp\/v2\/users\/1"}],"replies":[{"embeddable":true,"href":"https:\/\/azure-ivy.vifjane.ch\/en\/wp-json\/wp\/v2\/comments?post=67"}],"version-history":[{"count":0,"href":"https:\/\/azure-ivy.vifjane.ch\/en\/wp-json\/wp\/v2\/pages\/67\/revisions"}],"wp:featuredmedia":[{"embeddable":true,"href":"https:\/\/azure-ivy.vifjane.ch\/en\/wp-json\/wp\/v2\/media\/133"}],"wp:attachment":[{"href":"https:\/\/azure-ivy.vifjane.ch\/en\/wp-json\/wp\/v2\/media?parent=67"}],"curies":[{"name":"wp","href":"https:\/\/api.w.org\/{rel}","templated":true}]}}