{"id":697,"date":"2025-08-17T18:22:05","date_gmt":"2025-08-17T16:22:05","guid":{"rendered":"https:\/\/azure-ivy.vifjane.ch\/?page_id=697"},"modified":"2025-08-17T18:28:19","modified_gmt":"2025-08-17T16:28:19","slug":"impressum","status":"publish","type":"page","link":"https:\/\/azure-ivy.vifjane.ch\/en\/impressum\/","title":{"rendered":"Impressum"},"content":{"rendered":"<div class=\"wp-block-group alignfull\"><div class=\"wp-block-group__inner-container is-layout-constrained wp-block-group-is-layout-constrained\">\n<h2 class=\"wp-block-heading\">Herausgeber<\/h2>\n\n\n\n<p>Viviane Erb<br>8200 Schaffhausen<br><a href=\"mailto:info@braendlebrandschutz.ch\">vifjane@gmail.com<\/a><\/p>\n<\/div><\/div>\n\n\n\n<div class=\"wp-block-group\"><div class=\"wp-block-group__inner-container is-layout-constrained wp-block-group-is-layout-constrained\">\n<div class=\"wp-block-group\"><div class=\"wp-block-group__inner-container is-layout-constrained wp-block-group-is-layout-constrained\">\n<h2 class=\"wp-block-heading\">Konzeption, Design, Programmierung<\/h2>\n\n\n\n<p>Viviane Erb<br>8200 Schaffhausen<br><a href=\"https:\/\/www.severinpeyer.ch\/\" target=\"_blank\" rel=\"noreferrer noopener\">vivianeerb.ch<\/a><\/p>\n<\/div><\/div>\n\n\n\n<h2 class=\"wp-block-heading\">Design,&nbsp;Fotografie<\/h2>\n\n\n\n<p>Viviane Erb<br>8200 Schaffhausen<br><a href=\"https:\/\/www.vivianeerb.ch\/\" target=\"_blank\" rel=\"noreferrer noopener\">vivianeerb.ch<\/a><\/p>\n<\/div><\/div>\n\n\n\n<div class=\"wp-block-group\"><div class=\"wp-block-group__inner-container is-layout-constrained wp-block-group-is-layout-constrained\">\n<h2 class=\"wp-block-heading\">Haftungsausschluss<\/h2>\n\n\n\n<p>Der Autor \u00fcbernimmt keinerlei Gew\u00e4hr hinsichtlich der inhaltlichen Richtigkeit, Genauigkeit, Aktualit\u00e4t, Zuverl\u00e4ssigkeit und Vollst\u00e4ndigkeit der Informationen.<br>Haftungsanspr\u00fcche gegen den Autor wegen Sch\u00e4den materieller oder immaterieller Art, welche aus dem Zugriff oder der Nutzung bzw. Nichtnutzung der ver\u00f6ffentlichten Informationen, durch Missbrauch der Verbindung oder durch technische St\u00f6rungen entstanden sind, werden ausgeschlossen.<br>Alle Angebote sind unverbindlich. Der Autor beh\u00e4lt es sich ausdr\u00fccklich vor, Teile der Seiten oder das gesamte Angebot ohne gesonderte Ank\u00fcndigung zu ver\u00e4ndern, zu erg\u00e4nzen, zu l\u00f6schen oder die Ver\u00f6ffentlichung zeitweise oder endg\u00fcltig einzustellen.<\/p>\n<\/div><\/div>\n\n\n\n<div class=\"wp-block-group\"><div class=\"wp-block-group__inner-container is-layout-constrained wp-block-group-is-layout-constrained\">\n<h2 class=\"wp-block-heading\">Haftung f\u00fcr Links<\/h2>\n\n\n\n<p>Verweise und Links auf Websites Dritter liegen ausserhalb unseres Verantwortungsbereichs. Es wird jegliche Verantwortung f\u00fcr solche Websites abgelehnt. Der Zugriff und die Nutzung solcher Websites erfolgen auf eigene Gefahr des Nutzers oder der Nutzerin.<\/p>\n<\/div><\/div>\n\n\n\n<div class=\"wp-block-group\"><div class=\"wp-block-group__inner-container is-layout-constrained wp-block-group-is-layout-constrained\">\n<h2 class=\"wp-block-heading\">Urheberrechte<\/h2>\n\n\n\n<p>Die Urheberrechte und alle anderen Rechte an Inhalten, Bildern, Fotos oder anderen Dateien auf der Website geh\u00f6ren ausschliesslich Viviane Erb oder den speziell genannten Rechtsinhabern. F\u00fcr die Reproduktion jeglicher Elemente ist die schriftliche Zustimmung der Urheberrechtstr\u00e4ger im Voraus einzuholen.<\/p>\n\n\n\n<p>\u00a9 Copyright Viviane Erb \u2013 all rights reserved.<\/p>\n<\/div><\/div>","protected":false},"excerpt":{"rendered":"<p>Herausgeber Viviane Erb8200 Schaffhausenvifjane@gmail.com Konzeption, Design, Programmierung Viviane Erb8200 Schaffhausenvivianeerb.ch Design,&nbsp;Fotografie Viviane Erb8200 Schaffhausenvivianeerb.ch Haftungsausschluss Der Autor \u00fcbernimmt keinerlei Gew\u00e4hr hinsichtlich der inhaltlichen Richtigkeit, Genauigkeit, Aktualit\u00e4t, Zuverl\u00e4ssigkeit und Vollst\u00e4ndigkeit der Informationen.Haftungsanspr\u00fcche gegen den Autor wegen Sch\u00e4den materieller oder immaterieller Art, welche aus dem Zugriff oder der Nutzung bzw. Nichtnutzung der ver\u00f6ffentlichten Informationen, durch Missbrauch der [&hellip;]<\/p>","protected":false},"author":1,"featured_media":0,"parent":0,"menu_order":0,"comment_status":"closed","ping_status":"closed","template":"","meta":{"_acf_changed":false,"footnotes":""},"class_list":["post-697","page","type-page","status-publish","hentry"],"acf":[],"yoast_head":"<!-- This site is optimized with the Yoast SEO plugin v25.7 - https:\/\/yoast.com\/wordpress\/plugins\/seo\/ -->\n<title>Impressum - Azure Ivy<\/title>\n<meta name=\"robots\" content=\"index, follow, max-snippet:-1, max-image-preview:large, max-video-preview:-1\" \/>\n<link rel=\"canonical\" href=\"https:\/\/azure-ivy.vifjane.ch\/en\/impressum\/\" \/>\n<meta property=\"og:locale\" content=\"en_GB\" \/>\n<meta property=\"og:type\" content=\"article\" \/>\n<meta property=\"og:title\" content=\"Impressum - Azure Ivy\" \/>\n<meta property=\"og:description\" content=\"Herausgeber Viviane Erb8200 Schaffhausenvifjane@gmail.com Konzeption, Design, Programmierung Viviane Erb8200 Schaffhausenvivianeerb.ch Design,&nbsp;Fotografie Viviane Erb8200 Schaffhausenvivianeerb.ch Haftungsausschluss Der Autor \u00fcbernimmt keinerlei Gew\u00e4hr hinsichtlich der inhaltlichen Richtigkeit, Genauigkeit, Aktualit\u00e4t, Zuverl\u00e4ssigkeit und Vollst\u00e4ndigkeit der Informationen.Haftungsanspr\u00fcche gegen den Autor wegen Sch\u00e4den materieller oder immaterieller Art, welche aus dem Zugriff oder der Nutzung bzw. Nichtnutzung der ver\u00f6ffentlichten Informationen, durch Missbrauch der [&hellip;]\" \/>\n<meta property=\"og:url\" content=\"https:\/\/azure-ivy.vifjane.ch\/en\/impressum\/\" \/>\n<meta property=\"og:site_name\" content=\"Azure Ivy\" \/>\n<meta property=\"article:modified_time\" content=\"2025-08-17T16:28:19+00:00\" \/>\n<meta name=\"twitter:card\" content=\"summary_large_image\" \/>\n<meta name=\"twitter:label1\" content=\"Estimated reading time\" \/>\n\t<meta name=\"twitter:data1\" content=\"2 minutes\" \/>\n<script type=\"application\/ld+json\" class=\"yoast-schema-graph\">{\"@context\":\"https:\/\/schema.org\",\"@graph\":[{\"@type\":\"WebPage\",\"@id\":\"https:\/\/azure-ivy.vifjane.ch\/impressum\/\",\"url\":\"https:\/\/azure-ivy.vifjane.ch\/impressum\/\",\"name\":\"Impressum - Azure Ivy\",\"isPartOf\":{\"@id\":\"https:\/\/azure-ivy.vifjane.ch\/#website\"},\"datePublished\":\"2025-08-17T16:22:05+00:00\",\"dateModified\":\"2025-08-17T16:28:19+00:00\",\"breadcrumb\":{\"@id\":\"https:\/\/azure-ivy.vifjane.ch\/impressum\/#breadcrumb\"},\"inLanguage\":\"en-GB\",\"potentialAction\":[{\"@type\":\"ReadAction\",\"target\":[\"https:\/\/azure-ivy.vifjane.ch\/impressum\/\"]}]},{\"@type\":\"BreadcrumbList\",\"@id\":\"https:\/\/azure-ivy.vifjane.ch\/impressum\/#breadcrumb\",\"itemListElement\":[{\"@type\":\"ListItem\",\"position\":1,\"name\":\"Startseite\",\"item\":\"https:\/\/azure-ivy.vifjane.ch\/\"},{\"@type\":\"ListItem\",\"position\":2,\"name\":\"Impressum\"}]},{\"@type\":\"WebSite\",\"@id\":\"https:\/\/azure-ivy.vifjane.ch\/#website\",\"url\":\"https:\/\/azure-ivy.vifjane.ch\/\",\"name\":\"Travelblog Azure & Ivy\",\"description\":\"\",\"publisher\":{\"@id\":\"https:\/\/azure-ivy.vifjane.ch\/#organization\"},\"potentialAction\":[{\"@type\":\"SearchAction\",\"target\":{\"@type\":\"EntryPoint\",\"urlTemplate\":\"https:\/\/azure-ivy.vifjane.ch\/?s={search_term_string}\"},\"query-input\":{\"@type\":\"PropertyValueSpecification\",\"valueRequired\":true,\"valueName\":\"search_term_string\"}}],\"inLanguage\":\"en-GB\"},{\"@type\":\"Organization\",\"@id\":\"https:\/\/azure-ivy.vifjane.ch\/#organization\",\"name\":\"Azure & Ivy\",\"url\":\"https:\/\/azure-ivy.vifjane.ch\/\",\"logo\":{\"@type\":\"ImageObject\",\"inLanguage\":\"en-GB\",\"@id\":\"https:\/\/azure-ivy.vifjane.ch\/#\/schema\/logo\/image\/\",\"url\":\"https:\/\/azure-ivy.vifjane.ch\/wp-content\/uploads\/2025\/08\/AzureIvy_Logo_black.png\",\"contentUrl\":\"https:\/\/azure-ivy.vifjane.ch\/wp-content\/uploads\/2025\/08\/AzureIvy_Logo_black.png\",\"width\":512,\"height\":512,\"caption\":\"Azure & Ivy\"},\"image\":{\"@id\":\"https:\/\/azure-ivy.vifjane.ch\/#\/schema\/logo\/image\/\"},\"sameAs\":[\"https:\/\/www.instagram.com\/vifjane\/\"]}]}<\/script>\n<!-- \/ Yoast SEO plugin. -->","yoast_head_json":{"title":"Impressum - Azure Ivy","robots":{"index":"index","follow":"follow","max-snippet":"max-snippet:-1","max-image-preview":"max-image-preview:large","max-video-preview":"max-video-preview:-1"},"canonical":"https:\/\/azure-ivy.vifjane.ch\/en\/impressum\/","og_locale":"en_GB","og_type":"article","og_title":"Impressum - Azure Ivy","og_description":"Herausgeber Viviane Erb8200 Schaffhausenvifjane@gmail.com Konzeption, Design, Programmierung Viviane Erb8200 Schaffhausenvivianeerb.ch Design,&nbsp;Fotografie Viviane Erb8200 Schaffhausenvivianeerb.ch Haftungsausschluss Der Autor \u00fcbernimmt keinerlei Gew\u00e4hr hinsichtlich der inhaltlichen Richtigkeit, Genauigkeit, Aktualit\u00e4t, Zuverl\u00e4ssigkeit und Vollst\u00e4ndigkeit der Informationen.Haftungsanspr\u00fcche gegen den Autor wegen Sch\u00e4den materieller oder immaterieller Art, welche aus dem Zugriff oder der Nutzung bzw. Nichtnutzung der ver\u00f6ffentlichten Informationen, durch Missbrauch der [&hellip;]","og_url":"https:\/\/azure-ivy.vifjane.ch\/en\/impressum\/","og_site_name":"Azure Ivy","article_modified_time":"2025-08-17T16:28:19+00:00","twitter_card":"summary_large_image","twitter_misc":{"Estimated reading time":"2 minutes"},"schema":{"@context":"https:\/\/schema.org","@graph":[{"@type":"WebPage","@id":"https:\/\/azure-ivy.vifjane.ch\/impressum\/","url":"https:\/\/azure-ivy.vifjane.ch\/impressum\/","name":"Impressum - Azure Ivy","isPartOf":{"@id":"https:\/\/azure-ivy.vifjane.ch\/#website"},"datePublished":"2025-08-17T16:22:05+00:00","dateModified":"2025-08-17T16:28:19+00:00","breadcrumb":{"@id":"https:\/\/azure-ivy.vifjane.ch\/impressum\/#breadcrumb"},"inLanguage":"en-GB","potentialAction":[{"@type":"ReadAction","target":["https:\/\/azure-ivy.vifjane.ch\/impressum\/"]}]},{"@type":"BreadcrumbList","@id":"https:\/\/azure-ivy.vifjane.ch\/impressum\/#breadcrumb","itemListElement":[{"@type":"ListItem","position":1,"name":"Startseite","item":"https:\/\/azure-ivy.vifjane.ch\/"},{"@type":"ListItem","position":2,"name":"Impressum"}]},{"@type":"WebSite","@id":"https:\/\/azure-ivy.vifjane.ch\/#website","url":"https:\/\/azure-ivy.vifjane.ch\/","name":"Travelblog Azure & Ivy","description":"","publisher":{"@id":"https:\/\/azure-ivy.vifjane.ch\/#organization"},"potentialAction":[{"@type":"SearchAction","target":{"@type":"EntryPoint","urlTemplate":"https:\/\/azure-ivy.vifjane.ch\/?s={search_term_string}"},"query-input":{"@type":"PropertyValueSpecification","valueRequired":true,"valueName":"search_term_string"}}],"inLanguage":"en-GB"},{"@type":"Organization","@id":"https:\/\/azure-ivy.vifjane.ch\/#organization","name":"Azure & Ivy","url":"https:\/\/azure-ivy.vifjane.ch\/","logo":{"@type":"ImageObject","inLanguage":"en-GB","@id":"https:\/\/azure-ivy.vifjane.ch\/#\/schema\/logo\/image\/","url":"https:\/\/azure-ivy.vifjane.ch\/wp-content\/uploads\/2025\/08\/AzureIvy_Logo_black.png","contentUrl":"https:\/\/azure-ivy.vifjane.ch\/wp-content\/uploads\/2025\/08\/AzureIvy_Logo_black.png","width":512,"height":512,"caption":"Azure & Ivy"},"image":{"@id":"https:\/\/azure-ivy.vifjane.ch\/#\/schema\/logo\/image\/"},"sameAs":["https:\/\/www.instagram.com\/vifjane\/"]}]}},"_links":{"self":[{"href":"https:\/\/azure-ivy.vifjane.ch\/en\/wp-json\/wp\/v2\/pages\/697","targetHints":{"allow":["GET"]}}],"collection":[{"href":"https:\/\/azure-ivy.vifjane.ch\/en\/wp-json\/wp\/v2\/pages"}],"about":[{"href":"https:\/\/azure-ivy.vifjane.ch\/en\/wp-json\/wp\/v2\/types\/page"}],"author":[{"embeddable":true,"href":"https:\/\/azure-ivy.vifjane.ch\/en\/wp-json\/wp\/v2\/users\/1"}],"replies":[{"embeddable":true,"href":"https:\/\/azure-ivy.vifjane.ch\/en\/wp-json\/wp\/v2\/comments?post=697"}],"version-history":[{"count":0,"href":"https:\/\/azure-ivy.vifjane.ch\/en\/wp-json\/wp\/v2\/pages\/697\/revisions"}],"wp:attachment":[{"href":"https:\/\/azure-ivy.vifjane.ch\/en\/wp-json\/wp\/v2\/media?parent=697"}],"curies":[{"name":"wp","href":"https:\/\/api.w.org\/{rel}","templated":true}]}}